{"id":93,"date":"2022-11-23T07:15:49","date_gmt":"2022-11-23T07:15:49","guid":{"rendered":"https:\/\/develop.dr-presto.com\/?page_id=93"},"modified":"2023-03-02T07:50:31","modified_gmt":"2023-03-02T07:50:31","slug":"politica-sulla-riservatezza","status":"publish","type":"page","link":"https:\/\/dr-presto.com\/it\/politica-sulla-riservatezza\/","title":{"rendered":"Politica sulla riservatezza"},"content":{"rendered":"\n<p>Su <a href=\"https:\/\/dr-presto.com\">www.dr-presto.com<\/a> siamo consapevoli dell&#8217;importanza della privacy e ci sforziamo di proteggere i vostri dati personali in conformit\u00e0 con la legge applicabile. A tal fine abbiamo creato delle regole e procedure interne e stabilito misure tecniche e organizzative attraverso le quali assicuriamo un livello adeguato di privacy e sicurezza nel trattamento dei dati personali e nell&#8217;esercizio dei diritti delle persone.<\/p>\n\n\n\n<div style=\"height:20px\" aria-hidden=\"true\" class=\"wp-block-spacer\"><\/div>\n\n\n\n<p>In queste Politiche in materia di protezione dei dati personali (di seguito denominate le Politiche), tutte le informazioni relative al trattamento dei dati personali sono raccolte su www.mesimedical.com, dove il titolare del trattamento \u00e8 MESI Ltd., Lesko\u0161kova cesta 11a, 1000 Ljubljana, che \u00e8 quindi anche il titolare del trattamento dei vostri dati personali: quali dati personali raccogliamo, perch\u00e9 li raccogliamo e come li usiamo. In caso di ulteriori domande riguardo al trattamento dei dati personali o all\u2019esercizio dei diritti relativi al trattamento ci potete contattare all\u2019indirizzo&nbsp;<a href=\"mailto:Info@mesimedical.com\">info@mesimedical.com<\/a>. La persona autorizzata alla protezione dei dati personali \u00e8 Andreja Mrak.<\/p>\n\n\n\n<div style=\"height:20px\" aria-hidden=\"true\" class=\"wp-block-spacer\"><\/div>\n\n\n\n<h2 class=\"wp-block-heading\">Quali dati personali vengono trattati \u00e8 come vengono ottenuti<\/h2>\n\n\n\n<div style=\"height:28px\" aria-hidden=\"true\" class=\"wp-block-spacer\"><\/div>\n\n\n\n<h3 class=\"wp-block-heading\">I dati personali ottenuti da voi<\/h3>\n\n\n\n<div style=\"height:20px\" aria-hidden=\"true\" class=\"wp-block-spacer\"><\/div>\n\n\n\n<p><strong>Sono i dati personali che ci fornite<\/strong>&nbsp;compilando i moduli sul nostro sito internet o che ci comunicate via telefono, e-mail o in altro modo. Vengono inclusi anche i dati che indicate partecipando alle discussioni o ad altri social media presenti sulla nostra pagina web. I dati che ci comunicate possono contenere il nome e il cognome, l\u2019indirizzo di posta elettronica e la localit\u00e0 o la citt\u00e0 e lo stato dove vi trovate, la denominazione, il tipo e l\u2019indirizzo dell\u2019organizzazione per la quale lavorate e le informazioni sulla persona di contatto di questa organizzazione (nome, indirizzo, e-mail, numero di telefono), il settore del sistema sanitario in cui lavorate, le informazioni sul distributore locale dei nostri prodotti, la selezione dei prodotti e il numero di serie di tali prodotti, oltre alle informazioni relative al pagamento.<\/p>\n\n\n\n<div style=\"height:20px\" aria-hidden=\"true\" class=\"wp-block-spacer\"><\/div>\n\n\n\n<p><strong>I vostri dati personali che raccogliamo.<\/strong>&nbsp;Ad ogni visita del nostro sito web, raccoglieremo automaticamente i seguenti dati:<\/p>\n\n\n\n<ol>\n<li>Informazioni tecniche che comprendono l\u2019indirizzo IP usato per la connessione del computer a internet, le informazioni di login, il tipo e la versione del browser, le impostazioni del fuso orario, i tipi e le versioni dei browser, il sistema operativo e le piattaforme.<\/li>\n\n\n\n<li>Le informazioni riguardanti la vostra visita, incluse le URL complete, il percorso verso, attraverso e dal nostro sito (inclusa data e ora), i prodotti che avete visionato o cercato, il tempo di risposta del sito, il caricamento di errori, la durata delle visite a siti specifici, le informazioni sull\u2019interazione del sito (per esempio lo scorrimento, i clic e il controllo del mouse), i metodi usati per scorrere le diverse pagine e qualsiasi numero di telefono usato per chiamare il nostro servizio clienti.<\/li>\n<\/ol>\n\n\n\n<div style=\"height:20px\" aria-hidden=\"true\" class=\"wp-block-spacer\"><\/div>\n\n\n\n<h3 class=\"wp-block-heading\">I dati personali che riceviamo da altre fonti<\/h3>\n\n\n\n<div style=\"height:20px\" aria-hidden=\"true\" class=\"wp-block-spacer\"><\/div>\n\n\n\n<p>Questi sono i vostri dati che riceviamo se visitate altri siti web che gestiamo, altri prodotti, le loro funzioni o i servizi e\/o beni che offriamo. Nel caso avessimo intenzione di unire e trattare ulteriormente i dati personali ricevuti con tale modalit\u00e0 unitamente ai dati raccolti su questo sito internet, vi informeremo a riguardo e, in caso di necessit\u00e0, richiederemo il consenso. Allo stesso tempo vi informeremo riguardo allo scopo per il quale i vostri dati personali cos\u00ec ottenuti verranno unificati e trattati, se diverso da quello per il quale sono stati raccolti.<\/p>\n\n\n\n<div style=\"height:20px\" aria-hidden=\"true\" class=\"wp-block-spacer\"><\/div>\n\n\n\n<p>Operiamo anche a stretto contatto con altre organizzazioni, partner commerciali e collaboratori, tra i quali distributori e subappaltatori di servizi tecnici e di pagamento. Qualora dovessimo ricevere da loro informazioni sul vostro conto, vi informeremo del fatto e riguardo ai fini per i quali intendiamo utilizzate i dati, se le finalit\u00e0 divergono da quelle per le quali i dati sono stati ottenuti e nel caso si rivelasse necessario, chiederemo il consenso al trattamento.<\/p>\n\n\n\n<div style=\"height:20px\" aria-hidden=\"true\" class=\"wp-block-spacer\"><\/div>\n\n\n\n<h3 class=\"wp-block-heading\">Cookies<\/h3>\n\n\n\n<div style=\"height:20px\" aria-hidden=\"true\" class=\"wp-block-spacer\"><\/div>\n\n\n\n<p>Il nostro sito web utilizza i cookie per distinguere i vari utenti del sito. Essi ci consentono di offrirvi una buona esperienza nell\u2019utilizzo del sito web. Al contempo ci consentono di migliorare il sito. Informazioni pi\u00f9 dettagliate sui cookie da noi utilizzati e la loro funzione sono fornite nella tabella alla fine di queste Politiche.<\/p>\n\n\n\n<div style=\"height:20px\" aria-hidden=\"true\" class=\"wp-block-spacer\"><\/div>\n\n\n\n<p>I cookie sono dei piccoli file che richiedono il permesso per l\u2019installazione sul disco rigido del computer e consentono il riutilizzo. I cookie vi permettono di effettuare il login sul sito web o nei nostri servizi e di adattare la visualizzazione online alle vostre necessit\u00e0. Un\u2019applicazione online pu\u00f2 letteralmente adattare la propria attivit\u00e0 alle vostre esigenze e preferenze raccogliendo e memorizzando le informazioni riguardanti le vostre richieste. Il cookie non ci da in alcun modo accesso al vostro computer o a informazioni che vi riguardano, ad eccezione delle informazioni che scegliete di condividere con noi. Ad eccezione dei cookie necessari, tutti gli altri possono essere accettati oppure rifiutati. I cookie necessari abilitano le funzioni di base del sito web come la navigazione e l\u2019accesso alle aree sicure della pagina. Siccome il sito non riesce a funzionare correttamente in loro assenza, la loro installazione non richiede un consenso speciale dell\u2019utente.<\/p>\n\n\n\n<div style=\"height:20px\" aria-hidden=\"true\" class=\"wp-block-spacer\"><\/div>\n\n\n\n<h3 class=\"wp-block-heading\">Per quale finalit\u00e0 utilizziamo i vostri dati personali<\/h3>\n\n\n\n<div style=\"height:20px\" aria-hidden=\"true\" class=\"wp-block-spacer\"><\/div>\n\n\n\n<p><strong>I dati personali che ci fornite<\/strong>&nbsp;verranno utilizzati:<\/p>\n\n\n\n<ul>\n<li>per adempiere ai nostri obblighi derivanti da qualsiasi impegno o contratto stipulato tra voi e noi, e per fornirvi le informazioni, i servizi o i beni che ci avete richiesto e per informarvi riguardo a eventuali modifiche al riguardo;<\/li>\n\n\n\n<li>per assicurarci che riceviate gli avvisi e le informazioni a cui vi siete iscritti, incluse le informazioni su servizi e beni nonch\u00e9 su servizi o beni simili a quelli che avete gi\u00e0 ordinato o acquistato da noi;<\/li>\n\n\n\n<li>per presentare i contenuti del sito nel modo pi\u00f9 efficiente per voi e per il vostro computer;<\/li>\n\n\n\n<li>per soddisfare i nostri obblighi legali e i servizi sanitari;<\/li>\n\n\n\n<li>per proteggere gli interessi vitali dell&#8217;interessato e l&#8217;interesse pubblico (essenziale) nel campo della sanit\u00e0 pubblica;<\/li>\n\n\n\n<li>per proteggere i nostri legittimi interessi nell\u00b4ambito di procedure giudiziarie o per il periodo in cui queste sono possibili, a condizione che i vostri interessi e i diritti fondamentali non prevalgano.<\/li>\n<\/ul>\n\n\n\n<div style=\"height:20px\" aria-hidden=\"true\" class=\"wp-block-spacer\"><\/div>\n\n\n\n<p>I dati personali non vengono condivisi con altre persone estranee all\u2019azienda o altre organizzazioni e\/o persone non autorizzate. Con i collaboratori esterni che permettono lo svolgimento indisturbato delle operazioni (distributori e subappaltatori per i servizi tecnici e di pagamento ecc.) abbiamo stipulato dei contratti conformi alla legislazione, le nostre regole e procedure interne e con adeguate garanzie per la protezione dei dati personali. I lavoratori esterni possono utilizzare i vostri dati personali soltanto per gli scopi definiti dal contratto e in conformit\u00e0 alle istruzioni.<\/p>\n\n\n\n<div style=\"height:20px\" aria-hidden=\"true\" class=\"wp-block-spacer\"><\/div>\n\n\n\n<h3 class=\"wp-block-heading\">I vostri dati personali che raccogliamo saranno utilizzati:<\/h3>\n\n\n\n<div style=\"height:20px\" aria-hidden=\"true\" class=\"wp-block-spacer\"><\/div>\n\n\n\n<ul>\n<li>per gestire il nostro sito web e per le operazioni interne, inclusa la risoluzione dei problemi, l\u2019analisi dei dati, i test, la ricerca e per motivi statistici e di ricerca;<\/li>\n\n\n\n<li>per migliorare il nostro sito web e garantire che i contenuti vengano presentati nel modo pi\u00f9 efficace per voi e per il vostro computer;<\/li>\n\n\n\n<li>per darvi la possibilit\u00e0 di partecipare alle funzioni interattive del nostro sito web, quando doveste decidere di volerlo fare;<\/li>\n\n\n\n<li>come parte dei nostri sforzi per garantire la sicurezza del nostro sito web;<\/li>\n\n\n\n<li>per misurare o rilevare l\u2019efficacia della pubblicit\u00e0;<\/li>\n\n\n\n<li>per suggerire e consigliare agli utenti del nostro sito web servizi che li potrebbero interessare.<\/li>\n<\/ul>\n\n\n\n<p><strong>I dati personali che riceviamo da altre fonti<\/strong>&nbsp;saranno uniti ai dati personali fornitici da voi e ai vostri dati che raccogliamo. Questi dati e i dati uniti saranno usati solamente per gli scopi elencati in precedenza.<\/p>\n\n\n\n<div style=\"height:20px\" aria-hidden=\"true\" class=\"wp-block-spacer\"><\/div>\n\n\n\n<h3 class=\"wp-block-heading\">Per quanto tempo conserviamo i vostri dati personali<\/h3>\n\n\n\n<div style=\"height:20px\" aria-hidden=\"true\" class=\"wp-block-spacer\"><\/div>\n\n\n\n<p>I dati personali ottenuti con lo scopo di concludere e adempiere a degli obblighi contrattuali si conservano per dieci anni dalla risoluzione del contratto o dieci anni dalla conclusione del trattamento dei dati personali, o dieci anni dalla conclusione del procedimento giudiziario per il recupero di obbligazioni non saldate. Altri dati personali sono conservati fino al raggiungimento dello scopo per il quale sono stati raccolti. I dati personali trattati esclusivamente sulla base del vostro consenso saranno conservati per cinque anni dalla revoca del vostro consenso, a meno che i vostri interessi o diritti e libert\u00e0 fondamentali non prevalgano quando i dati vengono trattati solo fino alla revoca del consenso.<\/p>\n\n\n\n<div style=\"height:20px\" aria-hidden=\"true\" class=\"wp-block-spacer\"><\/div>\n\n\n\n<h3 class=\"wp-block-heading\">Dove conserviamo i vostri dati personali<\/h3>\n\n\n\n<div style=\"height:20px\" aria-hidden=\"true\" class=\"wp-block-spacer\"><\/div>\n\n\n\n<p>I dati personali che raccogliamo da voi saranno trattati e conservati all\u2019interno dello Spazio economico europeo (\u201cSEE\u201d). Vengono riferiti agli Stati Uniti solamente nel caso in cui condividiate i vostri dati sui social media (ulteriori informazioni sull\u2019argomento nel capitolo \u201cCondivisione dei dati personali attraverso i social media\u201d) o se consentite all&#8217;installazione di cookie per il monitoraggio delle statistiche (ulteriori informazioni sull\u2019argomento nel capitolo \u201cCookies\u201d). Essi verranno trattati dai nostri impiegati e anche da collaboratori esterni o dagli impiegati dei nostri partner esterni che hanno stipulato con noi un contratto al riguardo o sono legati dal segreto professionale. Ci\u00f2 comprende il personale che \u00e8 impegnato, tra l\u2019altro, nell\u2019adempimento degli obblighi contrattuali e nella fornitura dei servizi di supporto. Trasmettendo i vostri dati personali acconsentite al loro trasferimento, conservazione o trattamento. Adotteremo tutte le misure necessarie per garantire che le vostre informazioni siano trattate in modo sicuro e in conformit\u00e0 con il regolamento generale sulla protezione dei dati, la legge applicabile e i nostri atti interni.<\/p>\n\n\n\n<div style=\"height:20px\" aria-hidden=\"true\" class=\"wp-block-spacer\"><\/div>\n\n\n\n<p>La trasmissione dei dati via Internet non \u00e8 del tutto sicura. Pur facendo del nostro meglio per proteggere i vostri dati personali, non possiamo garantire la sicurezza della trasmissione dei vostri dati al sito mesimedical.com. Ogni trasmissione \u00e8 a vostro rischio personale. Quando riceveremo i vostri dati applicheremo severe procedure e funzionalit\u00e0 di protezione per prevenire l\u2019accesso non autorizzato.<\/p>\n\n\n\n<div style=\"height:20px\" aria-hidden=\"true\" class=\"wp-block-spacer\"><\/div>\n\n\n\n<h3 class=\"wp-block-heading\"><strong>Come proteggiamo i vostri\ndati personali<\/strong><\/h3>\n\n\n\n<div style=\"height:20px\" aria-hidden=\"true\" class=\"wp-block-spacer\"><\/div>\n\n\n\n<p>Abbiamo stabilito delle misure tecniche e organizzative severe atte a proteggere i vostri dati, precisamente in modo tale da proteggere i locali, le apparecchiature, il sistema e le applicazioni software (incluse le unita di input\/output). Ci\u00f2 garantisce la tracciabilit\u00e0 del trattamento, un metodo efficace per bloccare, distruggere, cancellare e, ove possibile, rendere i dati personali anonimi, sottoporli a pseudonimizzazione e cifrarli. Questo assicura in modo permanente la riservatezza, l&#8217;integrit\u00e0 e la resilienza dei sistemi e dei servizi di trattamento e la capacit\u00e0 di ripristinare tempestivamente la disponibilit\u00e0 e l&#8217;accesso dei dati personali in caso di incidente legato alla sicurezza. Si applicano le procedure per testare, verificare e valutare regolarmente l&#8217;efficacia delle misure tecniche e organizzative, inclusa la formazione delle persone addette al trattamento dei dati al fine di garantire la liceit\u00e0 del trattamento. Il personale che utilizza i vostri dati personali \u00e8 tenuto a proteggerli con la dovuta diligenza. Con la stipula di un contratto anche i collaboratori esterni sono vincolati dalla stessa.<\/p>\n\n\n\n<div style=\"height:20px\" aria-hidden=\"true\" class=\"wp-block-spacer\"><\/div>\n\n\n\n<h3 class=\"wp-block-heading\">Condivisione dei dati personali attraverso i social media<\/h3>\n\n\n\n<div style=\"height:20px\" aria-hidden=\"true\" class=\"wp-block-spacer\"><\/div>\n\n\n\n<p>Il nostro sito web include anche dei pulsanti integrati per la condivisione sui social media, Twitter Inc., 795 Folsom St., Suite 600, San Francisco, CA 94107, USA, XING, gestita da XING AG, Dammtorstra\u00dfe 30, 20354 Hamburg, Germany; Facebook, 1601 South California Avenue, Palo Alto, CA 94304, USA e LinkedIn Corporation, 2029 Stierlin Court, Mountain View, CA 94043, USA. \u00c8 inoltre integrato anche un pulsante per la condivisione di un messaggio di posta elettronica. I pulsanti di condivisione si possono riconoscere dal particolare logo utilizzato e sono adattati in conformit\u00e0 con la protezione dei dati personali.<\/p>\n\n\n\n<div style=\"height:20px\" aria-hidden=\"true\" class=\"wp-block-spacer\"><\/div>\n\n\n\n<p>Solamente se e quando cliccate su un particolare pulsante di condivisione sul nostro sito web si stabilisce una connessione diretta tra il vostro browser e il server dello specifico social media dell\u2019operatore. Secondo le dichiarazioni degli operatori di queste pagine di social media, nessun dato personale viene ottenuto dai social media se non viene cliccato un particolare pulsante di condivisione. Tali dati, incluso l\u2019indirizzo IP, vengono acquisiti e trattati solamente nel caso di membri registrati. Se non volete collegare una visita sul nostro sito al proprio account utente su social media, vi dovete disconnettere dal proprio account utente su social media.<\/p>\n\n\n\n<div style=\"height:20px\" aria-hidden=\"true\" class=\"wp-block-spacer\"><\/div>\n\n\n\n<p>Con la presente, richiamiamo l&#8217;attenzione sul fatto che non siamo informati del contenuto dei dati trasmessi e del loro utilizzo da parte degli operatori dei social media. Ulteriori informazioni sull&#8217;uso dei dati da parte dei social media si possono trovare nelle loro dichiarazioni sulla protezione dei dati.<\/p>\n\n\n\n<div style=\"height:20px\" aria-hidden=\"true\" class=\"wp-block-spacer\"><\/div>\n\n\n\n<h3 class=\"wp-block-heading\">I vostri diritti<\/h3>\n\n\n\n<div style=\"height:20px\" aria-hidden=\"true\" class=\"wp-block-spacer\"><\/div>\n\n\n\n<p>Potete richiedere in qualsiasi momento la cancellazione dai nostri avvisi e informazioni, la rettifica, la cancellazione, la limitazione del trattamento, il trasferimento dei dati o l\u2019accesso ai dati personali scrivendo a&nbsp;<a href=\"mailto:Info@mesimedical.com\">info@mesimedical.com<\/a>. Garantiamo inoltre l&#8217;intero restante rispetto della privacy, come stabilito dalla legislazione applicabile e dagli atti interni della MESI Ltd. \u00c8 sempre possibile presentare ricorso contro la nostra decisione inoltrando una richiesta all&#8217;autorit\u00e0 di controllo.<\/p>\n\n\n\n<div style=\"height:20px\" aria-hidden=\"true\" class=\"wp-block-spacer\"><\/div>\n\n\n\n<p>In caso di violazione della tutela dei dati personali, noi della MESI Ltd. applicheremo immediatamente tutte le procedure e le misure interne ed esterne (anche tecniche e organizzative) per proteggere i diritti della singola persona. Anche l\u2019autorit\u00e0 di controllo e la singola persona verranno informate del fatto nei modi e secondo i termini della normativa applicabile.<\/p>\n\n\n\n<div style=\"height:20px\" aria-hidden=\"true\" class=\"wp-block-spacer\"><\/div>\n\n\n\n<h3 class=\"wp-block-heading\">Modifiche e integrazioni delle presenti politiche<\/h3>\n\n\n\n<div style=\"height:20px\" aria-hidden=\"true\" class=\"wp-block-spacer\"><\/div>\n\n\n\n<p>Tutte le modifiche e le integrazioni delle presenti Politiche saranno pubblicate su questo sito web e, se opportuno, anche inviate a voi tramite e-mail.<\/p>\n\n\n\n<div style=\"height:20px\" aria-hidden=\"true\" class=\"wp-block-spacer\"><\/div>\n\n\n\n<p>Oltre a queste Politiche, forniamo anche altre informazioni sulla privacy e i dati personali inclusi o incorporati nel nostro prodotto o nelle sue funzionalit\u00e0, che si possono visualizzare nei regolamenti e\/o impostazioni associati a tali servizi o beni prima del loro acquisto o utilizzo. Sebbene i vostri dati vengano sempre trattati in conformit\u00e0 con le presenti Politiche, l&#8217;acquisto o l&#8217;utilizzo di tali servizi o beni pu\u00f2 anche basarsi sul vostro consenso ai termini della licenza e su altre regole applicabili al momento dell&#8217;acquisto o dell&#8217;utilizzo del prodotto o delle sue funzioni. Poich\u00e9 tali termini di licenza e altre regole applicabili potrebbero differire da queste politiche, leggete attentamente i termini applicabili prima di acquistare o utilizzare tali servizi o beni.<\/p>\n\n\n\n<div style=\"height:20px\" aria-hidden=\"true\" class=\"wp-block-spacer\"><\/div>\n\n\n\n<h3 class=\"wp-block-heading\"><strong>Avete ulteriori domande?<\/strong><\/h3>\n\n\n\n<div style=\"height:20px\" aria-hidden=\"true\" class=\"wp-block-spacer\"><\/div>\n\n\n\n<p>Domande, commenti e richieste riguardanti queste politiche in materia di protezione dei dati personali sono bene accetti. Potete inviarli a&nbsp;<a href=\"mailto:Info@mesimedical.com\">info@mesimedical.com<\/a>.<\/p>\n","protected":false},"excerpt":{"rendered":"<p>Su www.dr-presto.com siamo consapevoli dell&#8217;importanza della privacy e ci sforziamo di proteggere i vostri dati personali in conformit\u00e0 con la legge applicabile. A tal fine abbiamo creato delle regole e procedure interne e stabilito misure tecniche e organizzative attraverso le quali assicuriamo un livello adeguato di privacy e sicurezza nel trattamento dei dati personali e &hellip; <a href=\"https:\/\/dr-presto.com\/it\/politica-sulla-riservatezza\/\">Continued<\/a><\/p>\n","protected":false},"author":1,"featured_media":0,"parent":0,"menu_order":0,"comment_status":"closed","ping_status":"closed","template":"template-privacy.blade.php","meta":[],"acf":[],"_links":{"self":[{"href":"https:\/\/dr-presto.com\/it\/wp-json\/wp\/v2\/pages\/93"}],"collection":[{"href":"https:\/\/dr-presto.com\/it\/wp-json\/wp\/v2\/pages"}],"about":[{"href":"https:\/\/dr-presto.com\/it\/wp-json\/wp\/v2\/types\/page"}],"author":[{"embeddable":true,"href":"https:\/\/dr-presto.com\/it\/wp-json\/wp\/v2\/users\/1"}],"replies":[{"embeddable":true,"href":"https:\/\/dr-presto.com\/it\/wp-json\/wp\/v2\/comments?post=93"}],"version-history":[{"count":2,"href":"https:\/\/dr-presto.com\/it\/wp-json\/wp\/v2\/pages\/93\/revisions"}],"predecessor-version":[{"id":245,"href":"https:\/\/dr-presto.com\/it\/wp-json\/wp\/v2\/pages\/93\/revisions\/245"}],"wp:attachment":[{"href":"https:\/\/dr-presto.com\/it\/wp-json\/wp\/v2\/media?parent=93"}],"curies":[{"name":"wp","href":"https:\/\/api.w.org\/{rel}","templated":true}]}}