{"id":249,"date":"2023-03-09T09:04:33","date_gmt":"2023-03-09T09:04:33","guid":{"rendered":"https:\/\/dr-presto.com\/general-terms-and-conditions\/"},"modified":"2023-03-09T09:07:28","modified_gmt":"2023-03-09T09:07:28","slug":"termini-e-condizioni-generali","status":"publish","type":"page","link":"https:\/\/dr-presto.com\/it\/termini-e-condizioni-generali\/","title":{"rendered":"Termini e condizioni generali"},"content":{"rendered":"\n<h2 class=\"wp-block-heading\">Premessa<\/h2>\n\n\n\n<div style=\"height:20px\" aria-hidden=\"true\" class=\"wp-block-spacer\"><\/div>\n\n\n\n<p>Se non \u00e8 indicato diversamente, il provider del servizio del sito web mesimedical.com, il proprietario dei contenuti e il proprietario e amministratore delle applicazioni software e dei servizi ad esse correlati \u00e8 MESI Ltd, Lesko\u0161kova cesta 11a, 1000 Ljubljana, Slovenia.<\/p>\n\n\n\n<div style=\"height:20px\" aria-hidden=\"true\" class=\"wp-block-spacer\"><\/div>\n\n\n\n<p>Tali regole e condizioni per l\u2019utilizzo del sito web mesimedical.com (in seguito chiamate Termini e condizioni generali) si riferiscono a tutti i visitatori o utenti e a tutte le forme di utilizzo del sito web mesimedical.com. Il sito web all&#8217;interno del dominio di www.mesimedical.com fornisce agli utenti i servizi di trasmissione di informazioni, il marketing di beni e servizi e altri servizi relativi al sito web. Il fornitore dei servizi pu\u00f2 modificare l&#8217;indirizzo del dominio del sito web mantenendo pienamente valide ed efficaci i presenti Termini e condizioni generali.<\/p>\n\n\n\n<div style=\"height:20px\" aria-hidden=\"true\" class=\"wp-block-spacer\"><\/div>\n\n\n\n<p>Visitando il sito web mesimedical.com, l&#8217;utente conferma di essere a conoscenza dell&#8217;intero contenuto di questi Termini e condizioni generali, di accettare pienamente questo documento nella rispettiva versione applicabile e acconsente di essere vincolato dalle disposizioni dai presenti Termini e condizioni generali. Nel caso in cui non doveste concordare con questi Termini e condizioni generali, in tutto o solamente in parte, vi chiediamo cortesemente di interrompere immediatamente l\u2019accesso al sito web.<\/p>\n\n\n\n<div style=\"height:20px\" aria-hidden=\"true\" class=\"wp-block-spacer\"><\/div>\n\n\n\n<p>Ogni utente utilizza tutti i servizi del sito web a propria discrezione. Tutte le disposizioni dei Termini e condizioni generali si applicano allo stesso modo a tutti gli utenti, tranne nei casi in cui i presenti Termini e condizioni generali espressamente affermino diversamente.<\/p>\n\n\n\n<div style=\"height:22px\" aria-hidden=\"true\" class=\"wp-block-spacer\"><\/div>\n\n\n\n<h2 class=\"wp-block-heading\">Contenuti del sito web<\/h2>\n\n\n\n<div style=\"height:20px\" aria-hidden=\"true\" class=\"wp-block-spacer\"><\/div>\n\n\n\n<p>Il sito web \u00e8 progettato, mantenuto e reso pubblico al fine di trasmettere informazioni di carattere generale, contenuti coperti da copyright, opere audiovisive, marketing e vendite di beni e servizi. Il supervisore di questo sito web si riserva il diritto di modificare, disabilitare temporaneamente o permanentemente ognuna delle funzioni indicate senza preavviso.<\/p>\n\n\n\n<div style=\"height:20px\" aria-hidden=\"true\" class=\"wp-block-spacer\"><\/div>\n\n\n\n<p>Tutti i contenuti del sito mesimedical.com sono di natura informativa e servono principalmente per informare e comunicare e NON SOSTITUISCONO IL CONSIGLIO DEL MEDICO O DEL FARMACISTA. Il supervisore del sito web si impegna a fare tutto quanto in suo potere per garantire che le informazioni contenute sul sito siano veritiere, affidabili e di alta qualit\u00e0 e non risponde di eventuali errori di battitura, ritardi o mancanze nell\u2019inserimento dei dati aggiornati.<\/p>\n\n\n\n<div style=\"height:20px\" aria-hidden=\"true\" class=\"wp-block-spacer\"><\/div>\n\n\n\n<h2 class=\"wp-block-heading\">Restrizioni di utilizzo<\/h2>\n\n\n\n<div style=\"height:20px\" aria-hidden=\"true\" class=\"wp-block-spacer\"><\/div>\n\n\n\n<p>L\u2019utilizzo del sito mesimedical.com \u00e8 consentito per soli scopi personali e non commerciali. \u00c8 vietato modificare, copiare, distribuire, trasmettere, visualizzare, eseguire, riprodurre, concedere in licenza, generare derivati, trasferire o vendere dati, software, prodotti o servizi che fanno parte del sito web, se non espressamente disposto diversamente nei presenti Termini e condizioni generali.<\/p>\n\n\n\n<div style=\"height:20px\" aria-hidden=\"true\" class=\"wp-block-spacer\"><\/div>\n\n\n\n<h2 class=\"wp-block-heading\">Copyright<\/h2>\n\n\n\n<div style=\"height:20px\" aria-hidden=\"true\" class=\"wp-block-spacer\"><\/div>\n\n\n\n<p>Questo sito web \u00e8 di propriet\u00e0 esclusiva della MESI Ltd. I contenuti e il materiale pubblicati sul sito web sono protetti da copyright e sono di propriet\u00e0 della MESI Ltd. e\/o dei suoi partner o contraenti. Il materiale e i contenuti elencati includono anche il codice del computer, la struttura e il formato del sito web, nonch\u00e9 il materiale scritto, visivo, audio e di altro tipo presente sul sito web. Tutti i diritti sono riservati. Si fa divieto di copiare, diffondere o utilizzare in altro modo le informazioni e i dati di cui sopra senza la preventiva espressa autorizzazione scritta del fornitore di servizi.<\/p>\n\n\n\n<div style=\"height:20px\" aria-hidden=\"true\" class=\"wp-block-spacer\"><\/div>\n\n\n\n<p>Il fornitore di servizi si riserva il diritto di prendere misure nei confronti della parte inadempiente in conformit\u00e0 con la legge in caso di violazione del copyright e dei diritti di propriet\u00e0 intellettuale.<\/p>\n\n\n\n<div style=\"height:25px\" aria-hidden=\"true\" class=\"wp-block-spacer\"><\/div>\n\n\n\n<h2 class=\"wp-block-heading\">Collegamenti<\/h2>\n\n\n\n<div style=\"height:20px\" aria-hidden=\"true\" class=\"wp-block-spacer\"><\/div>\n\n\n\n<p>In conformit\u00e0 con il previo consenso scritto del fornitore di servizi, gli utenti sono autorizzati a creare un collegamento al sito mesimedical.com da altri siti web il cui contenuto non infrange le disposizioni delle leggi o le norme morali generali.<\/p>\n\n\n\n<div style=\"height:20px\" aria-hidden=\"true\" class=\"wp-block-spacer\"><\/div>\n\n\n\n<p>Il sito web contiene collegamenti a vari siti web esterni quali altri siti Internet, singoli siti o altre fonti sui quali il fornitore di servizi non ha alcuna influenza e pertanto non \u00e8 responsabile per la loro accessibilit\u00e0, i contenuti o gli errori ai collegamenti esterni. Gli utenti sono vincolati dai Termini e condizioni generali per l\u2019utilizzo di siti esterni.<\/p>\n\n\n\n<div style=\"height:20px\" aria-hidden=\"true\" class=\"wp-block-spacer\"><\/div>\n\n\n\n<h2 class=\"wp-block-heading\">Modifiche ai Termini e condizioni generali<\/h2>\n\n\n\n<div style=\"height:20px\" aria-hidden=\"true\" class=\"wp-block-spacer\"><\/div>\n\n\n\n<p>Ci riserviamo il diritto di modificare questi Termini e condizioni generali in qualsiasi momento. Le modifiche diventano attive subite dopo la pubblicazione. Proseguendo con l\u2019utilizzo del sito web l\u2019utente indica di concordare e accettare in pieno i Termini e condizioni generali modificati.<\/p>\n\n\n\n<div style=\"height:20px\" aria-hidden=\"true\" class=\"wp-block-spacer\"><\/div>\n\n\n\n<p>I termini e condizioni generali vengono aggiornati regolarmente e sono disponibili sul sito nella versione attualmente in corso di validit\u00e0.<\/p>\n\n\n\n<div style=\"height:20px\" aria-hidden=\"true\" class=\"wp-block-spacer\"><\/div>\n\n\n\n<h2 class=\"wp-block-heading\">Responsabilit\u00e0<\/h2>\n\n\n\n<div style=\"height:20px\" aria-hidden=\"true\" class=\"wp-block-spacer\"><\/div>\n\n\n\n<p>Il fornitore di servizi non \u00e8 responsabile per eventuali danni derivanti da o in connessione con l&#8217;esistenza, l&#8217;accesso e\/o l&#8217;utilizzo del sito web mesimedical.com e\/o l&#8217;utilizzo delle informazioni contenute nel sito web e\/o causati dell&#8217;incapacit\u00e0 di utilizzare le informazioni sul sito web e\/o eventuali errori o carenze nel loro contenuto, indipendentemente dal fatto che siano stati informati della possibilit\u00e0 di tale danno.<\/p>\n\n\n\n<div style=\"height:20px\" aria-hidden=\"true\" class=\"wp-block-spacer\"><\/div>\n\n\n\n<p>Il sito web contiene inoltre informazioni su terzi, su cui il fornitore di servizi non ha alcun controllo e non pu\u00f2 garantire n\u00e9 ricevere o inoltrare reclami riguardo all&#8217;accuratezza o assumere la responsabilit\u00e0 delle loro informazioni o dichiarazioni.<\/p>\n\n\n\n<div style=\"height:20px\" aria-hidden=\"true\" class=\"wp-block-spacer\"><\/div>\n\n\n\n<p>Il fornitore di servizi non \u00e8 responsabile di eventuali danni derivanti da attivit\u00e0 non autorizzate o illecite sul sito web da parte di terzi, inclusi potenziali virus. Gli utenti sono tenuti a provvedere personalmente alla propria protezione dai virus informatici.<\/p>\n\n\n\n<div style=\"height:20px\" aria-hidden=\"true\" class=\"wp-block-spacer\"><\/div>\n\n\n\n<p>Gli utenti del sito web garantiscono che il loro utilizzo non causer\u00e0 alcuna interferenza al sito web e non dovranno utilizzare o interferire con il sito in alcun modo che non sia conforme alla legge o ai presenti Termini e condizioni generali.<\/p>\n\n\n\n<div style=\"height:20px\" aria-hidden=\"true\" class=\"wp-block-spacer\"><\/div>\n\n\n\n<p>Non \u00e8 consentito utilizzare il sito web in modo tale da disabilitare, sovraccaricare o influire negativamente sul sito mesimedical.com o sulla societ\u00e0 MESI Ltd. Inoltre, non \u00e8 consentito disabilitare o impedire ad altri utenti di utilizzare il sito web mesimedical.com. \u00c8 vietato ottenere l&#8217;accesso non autorizzato a qualsiasi servizio del sito web mesimedical.com, del sistema informatico, della rete o dei dati correlati. \u00c8 vietato ottenere qualsiasi materiale o informazione tramite mezzi che non siano resi intenzionalmente disponibili all&#8217;interno del sito web o esplicitamente autorizzati ad accedere nell\u2019Informativa sulla privacy. Se l&#8217;accesso a questi dati \u00e8 stato abilitato a causa di un errore all&#8217;interno dei servizi del sito web, si prega di segnalare questo errore a <a href=\"mailto:info@mesimedical.com\">info@mesimedical.com<\/a>.<\/p>\n\n\n\n<div style=\"height:20px\" aria-hidden=\"true\" class=\"wp-block-spacer\"><\/div>\n\n\n\n<h2 class=\"wp-block-heading\">Privacy<\/h2>\n\n\n\n<div style=\"height:20px\" aria-hidden=\"true\" class=\"wp-block-spacer\"><\/div>\n\n\n\n<p>Siamo consapevoli dell&#8217;importanza della privacy e ci sforziamo di proteggere i vostri dati personali in nostro possesso in conformit\u00e0 con la legge applicabile. A tal fine abbiamo stabilito delle misure tecniche e organizzative attraverso le quali assicuriamo un livello adeguato di privacy e sicurezza nel trattamento dei dati personali e nell&#8217;esercizio dei diritti delle persone. Le regole sulla protezione dei dati personali dei singoli individui durante l\u2019utilizzo del sito web sono pubblicate nella sezione \u201cPolitiche in materia di protezione dei dati personali\u201d del sito <a href=\"http:\/\/www.mesimedical.com\">mesimedical.com<\/a>.<\/p>\n\n\n\n<div style=\"height:24px\" aria-hidden=\"true\" class=\"wp-block-spacer\"><\/div>\n\n\n\n<h2 class=\"wp-block-heading\">Violazione dei Termini e condizioni generali<\/h2>\n\n\n\n<div style=\"height:20px\" aria-hidden=\"true\" class=\"wp-block-spacer\"><\/div>\n\n\n\n<p>In caso di inosservanza dei presenti termini e condizioni generali, il fornitore di servizi pu\u00f2, a sua discrezione, adottare una delle seguenti misure nei confronti di un utente che violi le disposizioni dei Termini e condizioni generali:<\/p>\n\n\n\n<ul>\n<li>avviso di inosservanza dei Termini e condizioni generali e invito a conformarsi,<\/li>\n\n\n\n<li>blocco dell\u2019opzione di accesso a servizi individuali del sito,<\/li>\n\n\n\n<li>blocco dell\u2019indirizzo IP dal quale ha avuto luogo la violazione,<\/li>\n\n\n\n<li>inoltro dell\u2019indirizzo IP dal quale ha avuto luogo la violazione alle autorit\u00e0 competenti quando ci\u00f2 viene richiesto dalla legge e<\/li>\n\n\n\n<li>altre misure conformi alla normativa applicabile.<\/li>\n<\/ul>\n\n\n\n<div style=\"height:23px\" aria-hidden=\"true\" class=\"wp-block-spacer\"><\/div>\n\n\n\n<h2 class=\"wp-block-heading\">Competenza delle autorit\u00e0 giurisdizionali<\/h2>\n\n\n\n<div style=\"height:20px\" aria-hidden=\"true\" class=\"wp-block-spacer\"><\/div>\n\n\n\n<p>Questi termini e condizioni generali si riferiscono alla normativa applicabile in vigore nella Repubblica di Slovenia. Per la risoluzione di controversie e disaccordi relativi al sito mesimedical.com per i quali sono gi\u00e0 state esaurite tutte le opzioni extragiudiziali per un accordo \u00e8 competente il tribunale di Lubiana ai sensi della legge della Repubblica di Slovenia.<\/p>\n\n\n\n<div style=\"height:20px\" aria-hidden=\"true\" class=\"wp-block-spacer\"><\/div>\n\n\n\n<p>Se una qualsiasi parte dei Termini e condizioni generali viene\nritenuta non valida o inapplicabile in conformit\u00e0 con la legislazione\nattualmente applicabile della Repubblica di Slovenia, la disposizione invalida\no inapplicabile dei presenti Termini e condizioni generali sar\u00e0 sostituita da\nuna regolamentazione valida e applicabile, che, per quanto possibile,\ncorrisponda allo scopo della disposizione originale, mentre la parte restante\ndei Termini e condizioni generali rimane in vigore nella forma invariata.<\/p>\n","protected":false},"excerpt":{"rendered":"<p>Premessa Se non \u00e8 indicato diversamente, il provider del servizio del sito web mesimedical.com, il proprietario dei contenuti e il proprietario e amministratore delle applicazioni software e dei servizi ad esse correlati \u00e8 MESI Ltd, Lesko\u0161kova cesta 11a, 1000 Ljubljana, Slovenia. Tali regole e condizioni per l\u2019utilizzo del sito web mesimedical.com (in seguito chiamate Termini &hellip; <a href=\"https:\/\/dr-presto.com\/it\/termini-e-condizioni-generali\/\">Continued<\/a><\/p>\n","protected":false},"author":1,"featured_media":0,"parent":0,"menu_order":0,"comment_status":"closed","ping_status":"closed","template":"template-terms_and_conditions.blade.php","meta":[],"acf":[],"_links":{"self":[{"href":"https:\/\/dr-presto.com\/it\/wp-json\/wp\/v2\/pages\/249"}],"collection":[{"href":"https:\/\/dr-presto.com\/it\/wp-json\/wp\/v2\/pages"}],"about":[{"href":"https:\/\/dr-presto.com\/it\/wp-json\/wp\/v2\/types\/page"}],"author":[{"embeddable":true,"href":"https:\/\/dr-presto.com\/it\/wp-json\/wp\/v2\/users\/1"}],"replies":[{"embeddable":true,"href":"https:\/\/dr-presto.com\/it\/wp-json\/wp\/v2\/comments?post=249"}],"version-history":[{"count":1,"href":"https:\/\/dr-presto.com\/it\/wp-json\/wp\/v2\/pages\/249\/revisions"}],"predecessor-version":[{"id":250,"href":"https:\/\/dr-presto.com\/it\/wp-json\/wp\/v2\/pages\/249\/revisions\/250"}],"wp:attachment":[{"href":"https:\/\/dr-presto.com\/it\/wp-json\/wp\/v2\/media?parent=249"}],"curies":[{"name":"wp","href":"https:\/\/api.w.org\/{rel}","templated":true}]}}