{"id":131,"date":"2023-02-14T11:58:04","date_gmt":"2023-02-14T11:58:04","guid":{"rendered":"https:\/\/dr-presto.com\/presto-vascular\/"},"modified":"2023-04-19T05:59:09","modified_gmt":"2023-04-19T05:59:09","slug":"presto-vascolare","status":"publish","type":"page","link":"https:\/\/dr-presto.com\/it\/presto-vascolare\/","title":{"rendered":"Presto Vascolare"},"content":{"rendered":"\n<p>Scopri la condizione e l&#8217;et\u00e0 delle tue arterie! Questo pacchetto di misurazioni diagnostiche vascolari \u00e8 progettato per persone con pi\u00f9 di 60 anni, fumatori e diabetici.<\/p>\n","protected":false},"excerpt":{"rendered":"<p>Scopri la condizione e l&#8217;et\u00e0 delle tue arterie! Questo pacchetto di misurazioni diagnostiche vascolari \u00e8 progettato per persone con pi\u00f9 di 60 anni, fumatori e diabetici.<\/p>\n","protected":false},"author":1,"featured_media":352,"parent":0,"menu_order":0,"comment_status":"closed","ping_status":"closed","template":"template-measurement.blade.php","meta":[],"acf":[],"_links":{"self":[{"href":"https:\/\/dr-presto.com\/it\/wp-json\/wp\/v2\/pages\/131"}],"collection":[{"href":"https:\/\/dr-presto.com\/it\/wp-json\/wp\/v2\/pages"}],"about":[{"href":"https:\/\/dr-presto.com\/it\/wp-json\/wp\/v2\/types\/page"}],"author":[{"embeddable":true,"href":"https:\/\/dr-presto.com\/it\/wp-json\/wp\/v2\/users\/1"}],"replies":[{"embeddable":true,"href":"https:\/\/dr-presto.com\/it\/wp-json\/wp\/v2\/comments?post=131"}],"version-history":[{"count":8,"href":"https:\/\/dr-presto.com\/it\/wp-json\/wp\/v2\/pages\/131\/revisions"}],"predecessor-version":[{"id":326,"href":"https:\/\/dr-presto.com\/it\/wp-json\/wp\/v2\/pages\/131\/revisions\/326"}],"wp:featuredmedia":[{"embeddable":true,"href":"https:\/\/dr-presto.com\/it\/wp-json\/wp\/v2\/media\/352"}],"wp:attachment":[{"href":"https:\/\/dr-presto.com\/it\/wp-json\/wp\/v2\/media?parent=131"}],"curies":[{"name":"wp","href":"https:\/\/api.w.org\/{rel}","templated":true}]}}